{"id":26,"date":"2025-06-02T07:47:08","date_gmt":"2025-06-02T07:47:08","guid":{"rendered":"https:\/\/belekescortum.com\/?page_id=26"},"modified":"2025-06-02T07:53:11","modified_gmt":"2025-06-02T07:53:11","slug":"antalyanin-beyaz-tenli-zarif-guzeli-belek-escort-kizlar","status":"publish","type":"page","link":"https:\/\/belekescortum.com\/","title":{"rendered":"Belek Escort &#8211; Antalya Belek Escort &#8211; Rus Escort Antalya"},"content":{"rendered":"<p><strong><a href=\"https:\/\/belekescortum.com\/\">Belek Escort<\/a><\/strong> k\u0131zlar\u0131 rengarenk bir bahar sabah\u0131n\u0131n tatl\u0131 brizini tad\u0131nca i\u00e7ten i\u00e7e sizi tebess\u00fcm ettirecek olan \u015feyler hi\u00e7 \u015f\u00fcphe yok ki.<\/p>\n<p>Her y\u00f6nden zarif, fit ve fazlas\u0131yla g\u00fczel olan bu muhte\u015fem bayanlar\u0131 tan\u0131man\u0131n, ke\u015ffetmenin ve deneyimlemenin tam zaman\u0131.<\/p>\n<p>Yaln\u0131z hissetti\u011finizde en s\u0131cak, en samimi t\u00fcm an\u0131lar\u0131 sizlerle payla\u015fmaya her daim haz\u0131r olan bu bayanlar, beyaz tenleri ve sportif yap\u0131lar\u0131 ile g\u00f6z dolduracaklar.<\/p>\n<p>\u015eehri ve erkekleri seven Belek escort k\u0131zlar\u0131 size unutulmaz an\u0131lar ya\u015fatmak i\u00e7in burada.<\/p>\n<p>Mini etek giymeyi seven, fizi\u011finin kusursuz g\u00fczelli\u011fini g\u00f6zler \u00f6n\u00fcne sermeye bay\u0131lan bu escort bayanlar ayn\u0131 zamanda hem yatakta hem de oral konusunda \u00e7ok iddial\u0131lar.<\/p>\n<p>Bedenlerine hakim olmalar\u0131 ve yapt\u0131klar\u0131 spor sayesinde \u00e7ok \u00e7e\u015fitli pozisyonlar\u0131 rahat\u00e7a uygulayabiliyorlar.<\/p>\n<p>Crossfit yapan bu zarif g\u00fczellikler, yataktaki performanslar\u0131n\u0131 g\u00f6sterirken bir o kadar da etkileyici olmalar\u0131n\u0131 bilen nadir bayanlardan.<\/p>\n<p>Fakat yatakta sadece iki ki\u015finin bulunmas\u0131n\u0131 severler mi san\u0131yorsunuz? Evet, hakl\u0131 olabilirsiniz, ama ayn\u0131 zamanda grup ili\u015fkiye de s\u0131cak bakarlar.<\/p>\n<p>\u00dcniversitede okuyan bu Belek escort k\u0131zlar, kamp\u00fcs ya\u015fam\u0131n\u0131 ve akademik deneyimlerini bir yandan deneyimlerken, bir yandan da seks konusundaki tecr\u00fcbelerini art\u0131rmak i\u00e7in \u00e7abalarlar.<\/p>\n<p>Sadece yatakta de\u011fil, sosyal hayatta da bu bayanlarla harika zaman ge\u00e7irebilirsiniz. \u00c7\u00fcnk\u00fc onlarla tan\u0131\u015ft\u0131\u011f\u0131n\u0131zda sadece bir escort bayan de\u011fil, ayn\u0131 zamanda samimi bir arkada\u015f kazanm\u0131\u015f olacaks\u0131n\u0131z.<\/p>\n<p>Hayat\u0131n\u0131za biraz renk ve e\u011flence katacak bu bayanlar\u0131n d\u00fcnyas\u0131na girdi\u011finizde her an\u0131n tad\u0131n\u0131 doyas\u0131ya \u00e7\u0131karacak ve belki de bir daha bu an\u0131lar\u0131 ya\u015fama imkan\u0131n\u0131z olmayacak.<\/p>\n<figure id=\"attachment_23\" aria-describedby=\"caption-attachment-23\" style=\"width: 173px\" class=\"wp-caption alignnone\"><img loading=\"lazy\" decoding=\"async\" class=\"size-medium wp-image-23\" src=\"https:\/\/belekescortum.com\/wp-content\/uploads\/2025\/05\/belek-escort-kizlar-215470-183x300.avif\" alt=\"belek escort\" width=\"183\" height=\"300\" srcset=\"https:\/\/belekescortum.com\/wp-content\/uploads\/2025\/05\/belek-escort-kizlar-215470-183x300.avif 183w, https:\/\/belekescortum.com\/wp-content\/uploads\/2025\/05\/belek-escort-kizlar-215470.avif 274w\" sizes=\"auto, (max-width: 183px) 100vw, 183px\" \/><figcaption id=\"caption-attachment-23\" class=\"wp-caption-text\">belek escort<\/figcaption><\/figure>\n<h2>Belek Escort Zarif K\u0131zlar<\/h2>\n<p>Bu y\u00fczden kendinizi bu ola\u011fan\u00fcst\u00fc deneyimlere b\u0131rakman\u0131z\u0131 \u00f6neririz. Ancak elbette \u00f6ncelikle bu bayanlarla tan\u0131\u015fmak, onlar\u0131 yak\u0131ndan tan\u0131mak ve ard\u0131ndan da kendinizi onlar\u0131n kollar\u0131na b\u0131rakmak gerekiyor.<\/p>\n<p>\u015eimdi b\u00fct\u00fcn bu anlatt\u0131klar\u0131m\u0131z\u0131n sizleri ne kadar heyecanland\u0131rd\u0131\u011f\u0131n\u0131, daha do\u011frusu ne kadar merak ettirdi\u011fini tahmin edebiliyoruz.<\/p>\n<p>Ama buna ra\u011fmen hala yeterli bilgi almad\u0131\u011f\u0131n\u0131z\u0131 d\u00fc\u015f\u00fcn\u00fcyorsan\u0131z, daha fazla detay ve bilgi alabilmek i\u00e7in l\u00fctfen Belek Escort K\u0131zlarla ileti\u015fime ge\u00e7in. \u0130nan\u0131n bize, bu maceraya at\u0131lmak istedi\u011finize hi\u00e7 pi\u015fman olmayacaks\u0131n\u0131z.<\/p>\n<p>Yeni, heyecan verici, tutkulu ve \u00f6zg\u00fcr bir ya\u015fam sizleri bekliyor. Ne yaz\u0131k ki, hayat\u0131n baz\u0131 durumlar\u0131 s\u0131k\u0131c\u0131 ve yorucu olabilir.<\/p>\n<p>Fakat siz bu durumun \u00fcstesinden gelebilir ve her an\u0131n\u0131z\u0131 keyifle doldurabilirsiniz. Bunu yapman\u0131n en etkili yolu ise, bir escort bayan\u0131n size e\u015flik etmesi ve size her an\u0131nda e\u015fsiz deneyimler ya\u015fatmas\u0131d\u0131r.<\/p>\n<p>Belek Escort K\u0131zlar\u0131, tam bu noktada size destek olmaktan mutluluk duyarlar. Onlar\u0131n marifetli ellerine kendinizi b\u0131rakt\u0131\u011f\u0131n\u0131zda, hayat\u0131n\u0131zdaki t\u00fcm streslerden ve sorunlardan uzakla\u015fm\u0131\u015f olacaks\u0131n\u0131z.<\/p>\n<p>Oysa sizi ne g\u00fczel deneyimler bekliyor. Siz sadece yan\u0131n\u0131zda size en iyi \u015fekilde hizmet edecek, sizi anlayacak ve hayat\u0131n\u0131za zevk katacak bir partner aray\u0131\u015f\u0131 i\u00e7erisindeyseniz, aray\u0131\u015f\u0131n\u0131z\u0131 sonland\u0131rabilirsiniz.<\/p>\n<p>\u00c7\u00fcnk\u00fc Belek Escort K\u0131zlar, Antalya&#8217;n\u0131n t\u00fcm erkeklerine kaliteli bir escort hizmeti sunmaktad\u0131rlar. Deneyimlerini ve becerilerini kullanarak size unutulmaz an\u0131lar ya\u015fatmak i\u00e7in haz\u0131rd\u0131rlar.<\/p>\n<p>Yine de size \u00f6nerimiz, hemen \u015fimdi onlarla ileti\u015fime ge\u00e7erek kendinize g\u00fczel bir s\u00fcrpriz yapman\u0131z olacak. Unutmay\u0131n, hayat\u0131n\u0131za yeni bir heyecan katman\u0131n tam zaman\u0131.<\/p>\n<p>Sizlere sadece bir telefon kadar uzak olan <strong><a href=\"https:\/\/belekescortum.com\/\">Belek Escort Rus<\/a><\/strong> K\u0131zlar\u0131n\u0131 araman\u0131z yeterli olacakt\u0131r.<\/p>\n<p>Kendinizi bu muhte\u015fem bayanlara b\u0131rakt\u0131\u011f\u0131n\u0131zda, hayat\u0131n\u0131zdaki en g\u00fczel, en renkli ve en heyecan verici an\u0131lar\u0131 ya\u015faman\u0131n keyfini \u00e7\u0131karacaks\u0131n\u0131z.<\/p>\n<p>Bu y\u00fczden hemen \u015fimdi harekete ge\u00e7in ve hayat\u0131n\u0131za bu g\u00fczel bayanlarla yeni bir sayfa a\u00e7\u0131n. Unutmay\u0131n, hayat\u0131n en g\u00fczel anlar\u0131n\u0131 ya\u015famak, en de\u011ferli an\u0131lar\u0131 biriktirmek ve en \u00f6zel dakikalar\u0131 deneyimlemek sizin elinizde.<\/p>\n<p>&nbsp;<\/p>\n","protected":false},"excerpt":{"rendered":"<p>Belek Escort k\u0131zlar\u0131 rengarenk bir bahar sabah\u0131n\u0131n tatl\u0131 brizini tad\u0131nca i\u00e7ten i\u00e7e sizi tebess\u00fcm ettirecek olan \u015feyler hi\u00e7 \u015f\u00fcphe yok ki. Her y\u00f6nden zarif, fit ve fazlas\u0131yla g\u00fczel olan bu muhte\u015fem bayanlar\u0131 tan\u0131man\u0131n, ke\u015ffetmenin ve deneyimlemenin tam zaman\u0131. Yaln\u0131z hissetti\u011finizde en s\u0131cak, en samimi t\u00fcm an\u0131lar\u0131 sizlerle payla\u015fmaya her daim haz\u0131r olan bu bayanlar, beyaz &#8230; <a title=\"Belek Escort &#8211; Antalya Belek Escort &#8211; Rus Escort Antalya\" class=\"read-more\" href=\"https:\/\/belekescortum.com\/\" aria-label=\"Read more about Belek Escort &#8211; Antalya Belek Escort &#8211; Rus Escort Antalya\">Devam\u0131n\u0131 oku<\/a><\/p>\n","protected":false},"author":1,"featured_media":24,"parent":0,"menu_order":0,"comment_status":"closed","ping_status":"closed","template":"","meta":{"footnotes":""},"class_list":["post-26","page","type-page","status-publish","has-post-thumbnail"],"aioseo_notices":[],"_links":{"self":[{"href":"https:\/\/belekescortum.com\/index.php\/wp-json\/wp\/v2\/pages\/26","targetHints":{"allow":["GET"]}}],"collection":[{"href":"https:\/\/belekescortum.com\/index.php\/wp-json\/wp\/v2\/pages"}],"about":[{"href":"https:\/\/belekescortum.com\/index.php\/wp-json\/wp\/v2\/types\/page"}],"author":[{"embeddable":true,"href":"https:\/\/belekescortum.com\/index.php\/wp-json\/wp\/v2\/users\/1"}],"replies":[{"embeddable":true,"href":"https:\/\/belekescortum.com\/index.php\/wp-json\/wp\/v2\/comments?post=26"}],"version-history":[{"count":4,"href":"https:\/\/belekescortum.com\/index.php\/wp-json\/wp\/v2\/pages\/26\/revisions"}],"predecessor-version":[{"id":33,"href":"https:\/\/belekescortum.com\/index.php\/wp-json\/wp\/v2\/pages\/26\/revisions\/33"}],"wp:featuredmedia":[{"embeddable":true,"href":"https:\/\/belekescortum.com\/index.php\/wp-json\/wp\/v2\/media\/24"}],"wp:attachment":[{"href":"https:\/\/belekescortum.com\/index.php\/wp-json\/wp\/v2\/media?parent=26"}],"curies":[{"name":"wp","href":"https:\/\/api.w.org\/{rel}","templated":true}]}}